{"id":16186,"date":"2016-06-04T17:44:37","date_gmt":"2016-06-04T17:44:37","guid":{"rendered":"https:\/\/www.knowhowtransfer.com\/?page_id=16186"},"modified":"2022-02-06T15:36:13","modified_gmt":"2022-02-06T15:36:13","slug":"mask-equalizzatore","status":"publish","type":"page","link":"https:\/\/www.knowhowtransfer.com\/it\/apps-estensioni-filtri-plugin-photoshop-cs\/mask-equalizzatore\/","title":{"rendered":"MASK Equalizzatore"},"content":{"rendered":"<p>[et_pb_section fb_built=&#8221;1&#8243; fullwidth=&#8221;on&#8221; custom_padding_last_edited=&#8221;on|desktop&#8221; admin_label=&#8221;section&#8221; _builder_version=&#8221;3.22&#8243; custom_padding_tablet=&#8221;50px|0|50px|0&#8243; custom_padding_phone=&#8221;&#8221; transparent_background=&#8221;off&#8221; padding_mobile=&#8221;off&#8221;][et_pb_fullwidth_image src=&#8221;https:\/\/www.knowhowtransfer.com\/wp-content\/uploads\/2015\/04\/wow-mask_featured.jpg&#8221; alt=&#8221;Mask Equalizer and Wow! Pro Interface with a mask created with shadows+highlights preset&#8221; title_text=&#8221;Mask Equalizer and Wow! Pro Interface with a mask created with shadows+highlights preset&#8221; _builder_version=&#8221;3.0.85&#8243; animation=&#8221;off&#8221;][\/et_pb_fullwidth_image][\/et_pb_section][et_pb_section fb_built=&#8221;1&#8243; custom_padding_last_edited=&#8221;on|desktop&#8221; admin_label=&#8221;section&#8221; _builder_version=&#8221;3.22&#8243; background_color=&#8221;#edf4f5&#8243; custom_padding_tablet=&#8221;50px|0|50px|0&#8243; custom_padding_phone=&#8221;&#8221; transparent_background=&#8221;off&#8221; padding_mobile=&#8221;off&#8221;][et_pb_row padding_mobile=&#8221;off&#8221; column_padding_mobile=&#8221;on&#8221; admin_label=&#8221;row&#8221; _builder_version=&#8221;3.25&#8243; background_size=&#8221;initial&#8221; background_position=&#8221;top_left&#8221; background_repeat=&#8221;repeat&#8221;][et_pb_column type=&#8221;4_4&#8243; _builder_version=&#8221;3.25&#8243; custom_padding=&#8221;|||&#8221; custom_padding__hover=&#8221;|||&#8221;][et_pb_divider show_divider=&#8221;off&#8221; disabled_on=&#8221;on|on|off&#8221; _builder_version=&#8221;3.2&#8243; hide_on_mobile=&#8221;on&#8221;][\/et_pb_divider][et_pb_text admin_label=&#8221;MASK Equalizer Intro&#8221; _builder_version=&#8221;3.27.4&#8243; background_size=&#8221;initial&#8221; background_position=&#8221;top_left&#8221; background_repeat=&#8221;repeat&#8221; module_alignment=&#8221;left&#8221;]<\/p>\n<h2>MASK Equalizer. Crea maschere di livello dai valori tonali. Con un click.<\/h2>\n<hr \/>\n<p>MASK Equalizer \u00e8 un plugin per Photoshop che, utilizzando i valori tonali, permette di creare facilmente sofisticate maschere di livello, partendo dalle impostazioni predefinite che possono essere migliorate a piacere.<\/p>\n<p>La rivoluzionaria anteprima permette di vedere sia la maschera che si va creando, che l\u2019effetto della maschera applicata sul livello stesso. La maschera pu\u00f2 essere contrastata, sfuocata o messa in trasparenza. Pu\u00f2 essere anche applicata su livelli di regolazione, oggetti avanzati o gruppi. Gli utenti pi\u00f9 esperti possono ricavare le maschere da canali diversi da quello della luminosit\u00e0.<\/p>\n<p><strong>MASK Equalizer \u00e8 il complemento ideale di molte applicazioni nostre e di terze parti. In modo particolare Wow!, VitaminBW ed ALCE.<\/strong><\/p>\n<p>[\/et_pb_text][et_pb_counters admin_label=&#8221;MASK Bar Counters it&#8221; _builder_version=&#8221;3.0.87&#8243; background_color=&#8221;#cbe5e8&#8243; custom_padding=&#8221;|||&#8221; custom_padding_tablet=&#8221;|||&#8221; custom_padding_phone=&#8221;|||&#8221; custom_padding_last_edited=&#8221;off|desktop&#8221; custom_css_main_element=&#8221;margin-top:20px;&#8221;][et_pb_counter percent=&#8221;80&#8243; _builder_version=&#8221;3.0.47&#8243; background_color_default=&#8221;#cbe5e8&#8243; background_enable_color_default=&#8221;on&#8221; parallax_default=&#8221;off&#8221; parallax_method_default=&#8221;on&#8221; bar_background_color_default=&#8221;#395664&#8243; use_percentages=&#8221;on&#8221; allow_player_pause_default=&#8221;off&#8221;] Anteprima in tempo reale della maschera che pu\u00f2 essere sfuocata, contrastata e ridotta di opacit\u00e0 [\/et_pb_counter][et_pb_counter percent=&#8221;100&#8243; _builder_version=&#8221;3.0.47&#8243; background_color_default=&#8221;#cbe5e8&#8243; background_enable_color_default=&#8221;on&#8221; parallax_default=&#8221;off&#8221; parallax_method_default=&#8221;on&#8221; bar_background_color_default=&#8221;#395664&#8243; use_percentages=&#8221;on&#8221; allow_player_pause_default=&#8221;off&#8221;] Anteprima dell\u2019immagine con la maschera applicata. In tempo reale [\/et_pb_counter][et_pb_counter percent=&#8221;80&#8243; _builder_version=&#8221;3.0.47&#8243; background_color_default=&#8221;#cbe5e8&#8243; background_enable_color_default=&#8221;on&#8221; parallax_default=&#8221;off&#8221; parallax_method_default=&#8221;on&#8221; bar_background_color_default=&#8221;#395664&#8243; use_percentages=&#8221;on&#8221; allow_player_pause_default=&#8221;off&#8221;] Funziona anche con livelli di regolazione, oggetti avanzati e gruppi [\/et_pb_counter][\/et_pb_counters][\/et_pb_column][\/et_pb_row][\/et_pb_section][et_pb_section fb_built=&#8221;1&#8243; custom_padding_last_edited=&#8221;on|desktop&#8221; admin_label=&#8221;section&#8221; module_id=&#8221;qs_tut&#8221; _builder_version=&#8221;3.22&#8243; background_color=&#8221;#edf4f5&#8243; custom_padding_tablet=&#8221;50px|0|50px|0&#8243; custom_padding_phone=&#8221;&#8221; transparent_background=&#8221;off&#8221; padding_mobile=&#8221;off&#8221;][et_pb_row padding_mobile=&#8221;off&#8221; column_padding_mobile=&#8221;on&#8221; admin_label=&#8221;row&#8221; _builder_version=&#8221;3.25&#8243; background_size=&#8221;initial&#8221; background_position=&#8221;top_left&#8221; background_repeat=&#8221;repeat&#8221;][et_pb_column type=&#8221;4_4&#8243; _builder_version=&#8221;3.25&#8243; custom_padding=&#8221;|||&#8221; custom_padding__hover=&#8221;|||&#8221;][et_pb_text admin_label=&#8221;Quick Start Tutorial Title&#8221; _builder_version=&#8221;3.27.4&#8243; background_size=&#8221;initial&#8221; background_position=&#8221;top_left&#8221; background_repeat=&#8221;repeat&#8221; module_alignment=&#8221;left&#8221;]<\/p>\n<h3>Quick Start Tutorial<\/h3>\n<hr \/>\n<p>[\/et_pb_text][et_pb_video src=&#8221;https:\/\/vimeo.com\/180499724&#8243; image_src=&#8221;\/\/i.vimeocdn.com\/video\/588739753-bc388f28838dc22afdb4158c957a66d5214d5c0aa686cfbbcadbf812b3792cae-d_960&#8243; admin_label=&#8221;Quick Start Tutorial Video&#8221; _builder_version=&#8221;4.9.0&#8243; hover_enabled=&#8221;0&#8243; sticky_enabled=&#8221;0&#8243;][\/et_pb_video][et_pb_toggle title=&#8221;Text Transcript&#8221; _builder_version=&#8221;3.0.47&#8243; background_size=&#8221;initial&#8221; background_position=&#8221;top_left&#8221; background_repeat=&#8221;repeat&#8221;]<\/p>\n<p>Hello! Welcome to the quick start tutorial to Mask Equalizer, a Photoshop Plugin to create layer masks from luminosity ranges.<\/p>\n<p>Look the layer window.<br \/>\nThe layer is were the pixels of an image are.<br \/>\nThe layer mask is a sort of extension used to reveal or hidden a part of the image.<br \/>\nThe mask enlarged.<br \/>\nAs you can see black hidden, white reveals, intermediate grays blends or if you prefer hidden partially.<br \/>\nAgain: black hidden, white reveals,\u00a0 black hidden, white reveals. \u00a0<\/p>\n<p>Let\u2019s open the panel from the Photoshop\/Window\/Extensions\/Mask Equalizer menu.<br \/>\nThe panel can be extended to reveal advanced options.<br \/>\nThis four small buttons recall the most common luminosity masks. <br \/>\nShadows<br \/>\nMidtones<br \/>\nHighlights<br \/>\nShadows and Highlights, probably the most used one.<br \/>\nOf course this presets are a starting point and can be tweaked.<\/p>\n<p>We are now in Mask preview mode and we can see the mask as a grayscale image. Switching to comp mode we can see the preview of the image with mask applied applied.<br \/>\nThe ability to switch in real time from Mask to Comp mode is the core feature of Mask Equalizer as it allows the complete control over the creation of a perfect mask.<\/p>\n<p>Other options are<br \/>\nContrast, to modify the contrast of the mask<br \/>\nFeathering, very important, to smooth the mask and avoid posterization.<br \/>\nDensity, to reduce the opacity of the mask<\/p>\n<p>Use this menu if you want to use Red, Green, Blue or Saturation channel, instead of Luminosity.<\/p>\n<p>Last we have the ON\/OFF button, the Version Release info, reset that reset the sliders to zero.<\/p>\n<p>You will use this apply button only to apply the last custom preset to another image<\/p>\n<p>Masked Equalizer is a plugin and as ANY plugin works only on Pixel Layers. What\u2019s about if you need to create a mask on an advanced object, adjustment layer or group?<br \/>\nFor instance here I added an adjustment layer but I want to lighten only the midtones so I must have the midtones white and hidden the rest.<br \/>\nMask Equalizer will alert you, create a pixel layer on the top and deactivate the non-pixel layer. Once finished, drag the mask on the adjustment layer, activate it and trash the temporary layer.<br \/>\nEasy!<\/p>\n<p>Oh! I forgot! This last small Home button links to the Mask Equalizer page.<\/p>\n<p>[\/et_pb_toggle][\/et_pb_column][\/et_pb_row][\/et_pb_section][et_pb_section fb_built=&#8221;1&#8243; custom_padding_last_edited=&#8221;on|desktop&#8221; admin_label=&#8221;section&#8221; _builder_version=&#8221;3.22&#8243; background_color=&#8221;#edf4f5&#8243; custom_padding_tablet=&#8221;50px|0|50px|0&#8243; custom_padding_phone=&#8221;&#8221; transparent_background=&#8221;off&#8221; padding_mobile=&#8221;off&#8221;][et_pb_row padding_mobile=&#8221;off&#8221; column_padding_mobile=&#8221;on&#8221; admin_label=&#8221;row&#8221; _builder_version=&#8221;3.25&#8243; background_size=&#8221;initial&#8221; background_position=&#8221;top_left&#8221; background_repeat=&#8221;repeat&#8221;][et_pb_column type=&#8221;4_4&#8243; _builder_version=&#8221;3.25&#8243; custom_padding=&#8221;|||&#8221; custom_padding__hover=&#8221;|||&#8221;][et_pb_text admin_label=&#8221;A cosa serve?&#8221; _builder_version=&#8221;3.27.4&#8243; background_size=&#8221;initial&#8221; background_position=&#8221;top_left&#8221; background_repeat=&#8221;repeat&#8221; module_alignment=&#8221;left&#8221;]<\/p>\n<h3>A cosa serve?<\/h3>\n<p>MASK Equalizer \u00e8 creato da fotografi sulle esigenze specifiche dei fotografi e si usa per:<\/p>\n<ul>\n<li>Controllare squilibri tonali come ad esempio il cielo troppo luminoso.<\/li>\n<li>Eliminare gli effetti indesiderati della maschera di contrasto, chiarezza, aloni in zone specifiche.<\/li>\n<li>Migliorare e rendere pi\u00f9 versatili le nostre applicazioni; in modo particolare Wow!, VitaminBW ed ALCE,\u00a0 oltre ad un\u2019infinit\u00e0 di applicazioni di Photoshop e terze parti.<\/li>\n<\/ul>\n<p>[\/et_pb_text][et_pb_text admin_label=&#8221;MASK Equalizer \u00e8 un duplicato&#8221; _builder_version=&#8221;3.27.4&#8243; background_size=&#8221;initial&#8221; background_position=&#8221;top_left&#8221; background_repeat=&#8221;repeat&#8221; module_alignment=&#8221;left&#8221;]<\/p>\n<h3>MASK Equalizer \u00e8 un duplicato di Channel Power Tool?<\/h3>\n<p>Assolutamente no. Sono due applicazioni molto differenti, come funzioni che come utenza. Sono invece complementari.<\/p>\n<p>Channels Power Tool <strong>crea maschere dai canali<\/strong> ed \u00e8 progettato per la post-produzione. Inoltre ottimizza e velocizza i flussi di lavoro.<\/p>\n<p>MASK Equalizer <strong>crea maschere usando le frequenze tonali<\/strong>, cio\u00e8 i vari livelli di luminosit\u00e0. E\u2019 progettato per\u00a0 i fotografi per correggere facilmente le immagini e sistemare i difetti pi\u00f9 comuni di un tipico flusso di lavoro digitale.<\/p>\n<p>[\/et_pb_text][et_pb_divider show_divider=&#8221;off&#8221; disabled_on=&#8221;on|on|off&#8221; _builder_version=&#8221;3.2&#8243; hide_on_mobile=&#8221;on&#8221;][\/et_pb_divider][\/et_pb_column][\/et_pb_row][\/et_pb_section][et_pb_section fb_built=&#8221;1&#8243; custom_padding_last_edited=&#8221;on|desktop&#8221; admin_label=&#8221;section&#8221; _builder_version=&#8221;3.22&#8243; background_color=&#8221;#7a7a7a&#8221; custom_padding_tablet=&#8221;50px|0|50px|0&#8243; custom_padding_phone=&#8221;&#8221; transparent_background=&#8221;off&#8221; padding_mobile=&#8221;off&#8221;][et_pb_row padding_mobile=&#8221;off&#8221; column_padding_mobile=&#8221;on&#8221; admin_label=&#8221;row&#8221; _builder_version=&#8221;3.25&#8243; background_size=&#8221;initial&#8221; background_position=&#8221;top_left&#8221; background_repeat=&#8221;repeat&#8221;][et_pb_column type=&#8221;4_4&#8243; _builder_version=&#8221;3.25&#8243; custom_padding=&#8221;|||&#8221; custom_padding__hover=&#8221;|||&#8221;][et_pb_divider show_divider=&#8221;off&#8221; disabled_on=&#8221;on|on|off&#8221; _builder_version=&#8221;3.2&#8243; hide_on_mobile=&#8221;on&#8221;][\/et_pb_divider][et_pb_text admin_label=&#8221;Un&#8217;applicazione modulare&#8221; _builder_version=&#8221;3.27.4&#8243; background_size=&#8221;initial&#8221; background_position=&#8221;top_left&#8221; background_repeat=&#8221;repeat&#8221; background_layout=&#8221;dark&#8221; module_alignment=&#8221;left&#8221;]<\/p>\n<h2>Un&#8217;applicazione modulare. Da facile ad avanzata<\/h2>\n<hr \/>\n<p>[\/et_pb_text][et_pb_divider show_divider=&#8221;off&#8221; disabled_on=&#8221;on|on|off&#8221; _builder_version=&#8221;3.2&#8243; hide_on_mobile=&#8221;on&#8221;][\/et_pb_divider][\/et_pb_column][\/et_pb_row][et_pb_row padding_mobile=&#8221;off&#8221; column_padding_mobile=&#8221;on&#8221; admin_label=&#8221;row&#8221; _builder_version=&#8221;3.25&#8243; background_size=&#8221;initial&#8221; background_position=&#8221;top_left&#8221; background_repeat=&#8221;repeat&#8221; column_structure=&#8221;1_3,2_3&#8243;][et_pb_column type=&#8221;1_3&#8243; _builder_version=&#8221;3.25&#8243; custom_padding=&#8221;|||&#8221; custom_padding__hover=&#8221;|||&#8221;][et_pb_image src=&#8221;https:\/\/d3qibwwkc7urrh.cloudfront.net\/wp-content\/uploads\/2016\/06\/24162807\/mask_equalizer-panel_new.png&#8221; alt=&#8221;Il nuovo pannello di Mask Equalizer 1.1.2&#8243; title_text=&#8221;Mask Equalizer Panel&#8221; align_tablet=&#8221;center&#8221; align_last_edited=&#8221;on|desktop&#8221; _builder_version=&#8221;3.23&#8243;][\/et_pb_image][\/et_pb_column][et_pb_column type=&#8221;2_3&#8243; _builder_version=&#8221;3.25&#8243; custom_padding=&#8221;|||&#8221; custom_padding__hover=&#8221;|||&#8221;][et_pb_divider show_divider=&#8221;off&#8221; disabled_on=&#8221;on|on|off&#8221; _builder_version=&#8221;3.2&#8243; hide_on_mobile=&#8221;on&#8221;][\/et_pb_divider][et_pb_text admin_label=&#8221;Sezioni&#8221; _builder_version=&#8221;3.27.4&#8243; background_size=&#8221;initial&#8221; background_position=&#8221;top_left&#8221; background_repeat=&#8221;repeat&#8221; background_layout=&#8221;dark&#8221; module_alignment=&#8221;left&#8221;]<\/p>\n<p>Sezione easy presets. I quattro pulsanti creano istantaneamente la stragrande maggioranza delle maschere pi\u00f9 comuni: luci, ombre, mezzi-toni e soprattutto luci <strong>pi\u00f9<\/strong> ombre, molto versatile. Premendo i pulsanti i cursori si sistemano di conseguenza. Facile da applicare grazie all\u2019anteprima che mostra l\u2019effetto della maschera applicata.<\/p>\n<p>Sezione intermedia: cursori delle frequenze (luminosit\u00e0). Si riferiscono a neri, ombre, ombre\/toni medi, toni medi, toni medi luci, luci, bianchi. Sia partendo dai predefiniti che regolandoli in manuale \u00e8 possibile <strong>creare facilmente anche le maschere pi\u00f9 complesse<\/strong>.<\/p>\n<p>I cursori di questa terza sezione permetteno di regolare l\u2019opacit\u00e0 della maschera, sfuocarla o regolare il contrasto della maschera stessa tenendo fermi i mezzi toni. Apparentemente complessa in realt\u00e0 molto facilitata dall\u2019anteprima di qualit\u00e0. Tutto <strong>il pannello funziona in modo percettivo<\/strong>.<\/p>\n<p>La quarta sezione contiene prima di tutto la <strong>straordinaria anteprima a doppia opzione<\/strong> che a scelta pu\u00f2 essere della maschera, oppure dell\u2019immagine con la maschera applicata. Gli utenti pi\u00f9 esperti potranno usufruire del menu a tendina per utilizzare la maschera di specifici canali, come ad esempio l, a, b, saturazione etc. invece del canale luminosit\u00e0.<\/p>\n<p>[\/et_pb_text][\/et_pb_column][\/et_pb_row][et_pb_row padding_mobile=&#8221;off&#8221; column_padding_mobile=&#8221;on&#8221; admin_label=&#8221;row&#8221; _builder_version=&#8221;3.25&#8243; background_size=&#8221;initial&#8221; background_position=&#8221;top_left&#8221; background_repeat=&#8221;repeat&#8221;][et_pb_column type=&#8221;4_4&#8243; _builder_version=&#8221;3.25&#8243; custom_padding=&#8221;|||&#8221; custom_padding__hover=&#8221;|||&#8221;][et_pb_divider show_divider=&#8221;off&#8221; disabled_on=&#8221;on|on|off&#8221; _builder_version=&#8221;3.2&#8243; hide_on_mobile=&#8221;on&#8221;][\/et_pb_divider][et_pb_toggle title=&#8221;Crediti delle immagini di questa pagina&#8221; open_toggle_background_color=&#8221;#7a7a7a&#8221; closed_toggle_background_color=&#8221;#7a7a7a&#8221; admin_label=&#8221;Page photos credits&#8221; _builder_version=&#8221;3.0.47&#8243; title_text_color=&#8221;#ffffff&#8221; body_text_color=&#8221;#ffffff&#8221; background_color=&#8221;#7a7a7a&#8221; background_size=&#8221;initial&#8221; background_position=&#8221;top_left&#8221; background_repeat=&#8221;repeat&#8221;]<\/p>\n<p>Mask original picture: @ depositphostos.com \/ <a href=\"http:\/\/gromovataya.com\/\" target=\"_blank\" rel=\"noopener\">Irina <span class=\"file-view__info-value\">Gromovataya<\/span><\/a><\/p>\n<p>[\/et_pb_toggle][\/et_pb_column][\/et_pb_row][\/et_pb_section][et_pb_section fb_built=&#8221;1&#8243; custom_padding_last_edited=&#8221;on|desktop&#8221; admin_label=&#8221;section&#8221; module_id=&#8221;comp&#8221; _builder_version=&#8221;3.22&#8243; background_color=&#8221;rgba(255,255,255,0)&#8221; custom_padding_tablet=&#8221;50px|0|50px|0&#8243; custom_padding_phone=&#8221;&#8221; transparent_background=&#8221;on&#8221; padding_mobile=&#8221;off&#8221;][et_pb_row _builder_version=&#8221;3.25&#8243; background_size=&#8221;initial&#8221; background_position=&#8221;top_left&#8221; background_repeat=&#8221;repeat&#8221;][et_pb_column type=&#8221;4_4&#8243; _builder_version=&#8221;3.25&#8243; custom_padding=&#8221;|||&#8221; custom_padding__hover=&#8221;|||&#8221;][et_pb_text admin_label=&#8221;Compatibilit\u00e0 e versione&#8221; _builder_version=&#8221;4.9.0&#8243; background_size=&#8221;initial&#8221; background_position=&#8221;top_left&#8221; background_repeat=&#8221;repeat&#8221; module_alignment=&#8221;left&#8221; hover_enabled=&#8221;0&#8243; sticky_enabled=&#8221;0&#8243;]<\/p>\n<h2>Compatibilit\u00e0 e versione<\/h2>\n<hr \/>\n<p>Photoshop CC, tutte le versioni CC 2022 incluso.<br \/> WIN: Dal 7 all&#8217; 11, solo 64bit.<br \/> MAC: Da Sierra a Monterey.<br \/> <span>MAC M1: Solo fino a Photoshop 22.1.2.<\/span><br \/> <span style=\"color: #c20c1e;\">Non compatibile con CS6,<br \/> <\/span>Versione corrente: 1.1.2<\/p>\n<p>[\/et_pb_text][\/et_pb_column][\/et_pb_row][\/et_pb_section][et_pb_section fb_built=&#8221;1&#8243; custom_padding_last_edited=&#8221;on|desktop&#8221; admin_label=&#8221;section&#8221; module_id=&#8221;mask_pricing_option&#8221; _builder_version=&#8221;3.22&#8243; background_color=&#8221;#ed4e5e&#8221; custom_padding=&#8221;|||&#8221; custom_padding_tablet=&#8221;50px|0|50px|0&#8243; custom_padding_phone=&#8221;&#8221; transparent_background=&#8221;off&#8221; padding_mobile=&#8221;off&#8221;][et_pb_row padding_mobile=&#8221;off&#8221; column_padding_mobile=&#8221;on&#8221; admin_label=&#8221;row&#8221; module_class=&#8221; et_pb_row_fullwidth&#8221; _builder_version=&#8221;3.25&#8243; background_size=&#8221;initial&#8221; background_position=&#8221;top_left&#8221; background_repeat=&#8221;repeat&#8221; width=&#8221;89%&#8221; width_tablet=&#8221;80%&#8221; width_last_edited=&#8221;on|desktop&#8221; max_width=&#8221;89%&#8221; max_width_tablet=&#8221;80%&#8221; max_width_last_edited=&#8221;on|desktop&#8221; custom_padding=&#8221;0|0&#8243; make_fullwidth=&#8221;on&#8221;][et_pb_column type=&#8221;4_4&#8243; _builder_version=&#8221;3.25&#8243; custom_padding=&#8221;|||&#8221; custom_padding__hover=&#8221;|||&#8221;][et_pb_cta title=&#8221;\u20ac39.04 IVA Inclusa &#8211; Svizzera \u20ac32&#8243; button_url=&#8221;https:\/\/www.knowhowtransfer.com\/store\/it\/prodotti\/mask-equalizer-licenza-singolo-utente\/&#8221; button_text=&#8221;Acquista MASK Equalizer&#8221; admin_label=&#8221;Acquista MASK Equalizer&#8221; _builder_version=&#8221;3.16&#8243; background_color=&#8221;#ed4e5e&#8221; background_size=&#8221;initial&#8221; background_position=&#8221;top_left&#8221; background_repeat=&#8221;repeat&#8221; custom_button=&#8221;on&#8221; button_text_size=&#8221;22px&#8221; button_bg_color=&#8221;#ed4e5e&#8221; button_text_size__hover_enabled=&#8221;off&#8221; button_one_text_size__hover_enabled=&#8221;off&#8221; button_two_text_size__hover_enabled=&#8221;off&#8221; button_text_color__hover_enabled=&#8221;off&#8221; button_one_text_color__hover_enabled=&#8221;off&#8221; button_two_text_color__hover_enabled=&#8221;off&#8221; button_border_width__hover_enabled=&#8221;off&#8221; button_one_border_width__hover_enabled=&#8221;off&#8221; button_two_border_width__hover_enabled=&#8221;off&#8221; button_border_color__hover_enabled=&#8221;off&#8221; button_one_border_color__hover_enabled=&#8221;off&#8221; button_two_border_color__hover_enabled=&#8221;off&#8221; button_border_radius__hover_enabled=&#8221;off&#8221; button_one_border_radius__hover_enabled=&#8221;off&#8221; button_two_border_radius__hover_enabled=&#8221;off&#8221; button_letter_spacing__hover_enabled=&#8221;off&#8221; button_one_letter_spacing__hover_enabled=&#8221;off&#8221; button_two_letter_spacing__hover_enabled=&#8221;off&#8221; button_bg_color__hover_enabled=&#8221;off&#8221; button_one_bg_color__hover_enabled=&#8221;off&#8221; button_two_bg_color__hover_enabled=&#8221;off&#8221;]<\/p>\n<p>Disponibile anche in multilicenza a prezzi progressivamente pi\u00f9 convenienti<\/p>\n<p>[\/et_pb_cta][\/et_pb_column][\/et_pb_row][\/et_pb_section]<\/p>\n","protected":false},"excerpt":{"rendered":"<p>MASK Equalizer \u00e8 un\u2019estensione di Photoshop che permette di creare maschere utilizzando i valori tonali. Partendo dai preset potrete facilmente ottenere queste maschere con un click ed applicarle all\u2019immagine, se necessario migliorandole, o crearle partendo da zero.<br \/>\nLa rivoluzionaria anteprima permette di vedere sia la maschera che si va creando che l\u2019effetto della maschera applicata sul livello stesso.<\/p>\n","protected":false},"author":1,"featured_media":0,"parent":5812,"menu_order":0,"comment_status":"open","ping_status":"open","template":"","meta":{"_et_pb_use_builder":"on","_et_pb_old_content":"","_et_gb_content_width":"","footnotes":""},"class_list":["post-16186","page","type-page","status-publish","hentry"],"_links":{"self":[{"href":"https:\/\/www.knowhowtransfer.com\/it\/wp-json\/wp\/v2\/pages\/16186","targetHints":{"allow":["GET"]}}],"collection":[{"href":"https:\/\/www.knowhowtransfer.com\/it\/wp-json\/wp\/v2\/pages"}],"about":[{"href":"https:\/\/www.knowhowtransfer.com\/it\/wp-json\/wp\/v2\/types\/page"}],"author":[{"embeddable":true,"href":"https:\/\/www.knowhowtransfer.com\/it\/wp-json\/wp\/v2\/users\/1"}],"replies":[{"embeddable":true,"href":"https:\/\/www.knowhowtransfer.com\/it\/wp-json\/wp\/v2\/comments?post=16186"}],"version-history":[{"count":0,"href":"https:\/\/www.knowhowtransfer.com\/it\/wp-json\/wp\/v2\/pages\/16186\/revisions"}],"up":[{"embeddable":true,"href":"https:\/\/www.knowhowtransfer.com\/it\/wp-json\/wp\/v2\/pages\/5812"}],"wp:attachment":[{"href":"https:\/\/www.knowhowtransfer.com\/it\/wp-json\/wp\/v2\/media?parent=16186"}],"curies":[{"name":"wp","href":"https:\/\/api.w.org\/{rel}","templated":true}]}}