{"id":6223,"date":"2014-05-20T12:26:28","date_gmt":"2014-05-20T12:26:28","guid":{"rendered":"https:\/\/www.knowhowtransfer.com\/apps-photoshop\/vitaminbw-conversioni-bianco-nero-singola-tripla-versione-tonale\/online-training\/"},"modified":"2015-11-01T16:48:18","modified_gmt":"2015-11-01T16:48:18","slug":"approfondimenti","status":"publish","type":"page","link":"https:\/\/www.knowhowtransfer.com\/it\/apps-estensioni-filtri-plugin-photoshop-cs\/vitaminbw-conversioni-bianco-nero-singola-tripla-versione-tonale\/approfondimenti\/","title":{"rendered":"VitaminBW | Approfondimenti"},"content":{"rendered":"<p>[et_pb_section fullwidth=&#8221;on&#8221; inner_shadow=&#8221;off&#8221; parallax=&#8221;off&#8221; background_image=&#8221;https:\/\/www.knowhowtransfer.com\/wp-content\/uploads\/2014\/05\/header_background.png&#8221; parallax_method=&#8221;css&#8221;][et_pb_fullwidth_header admin_label=&#8221;Follow Up Fullwidth Header&#8221; title=&#8221;VitaminBW | Approfondimenti&#8221; subhead=&#8221;Online training &#8211; Comparazioni prima\/dopo &#8211; Manuale d&#8217;uso&#8221; background_layout=&#8221;light&#8221; text_orientation=&#8221;left&#8221;] [\/et_pb_fullwidth_header][\/et_pb_section][et_pb_section fullwidth=&#8221;off&#8221; specialty=&#8221;off&#8221; inner_shadow=&#8221;off&#8221; parallax=&#8221;off&#8221; parallax_method=&#8221;css&#8221;][et_pb_row][et_pb_column type=&#8221;4_4&#8243;][et_pb_divider admin_label=&#8221;Divider 30&#8243; color=&#8221;#aebbc1&#8243; show_divider=&#8221;off&#8221; height=&#8221;30&#8243;] [\/et_pb_divider][et_pb_toggle admin_label=&#8221;Il tuo bianconero ti sembra piatto?&#8221; title=&#8221;Il tuo bianconero ti sembra piatto?&#8221; open=&#8221;on&#8221;]<\/p>\n<p>Questo succede frequentemente perch\u00e9 l&#8217;originale colore deve la sua brillantezza all&#8217;effetto combinato di contrasto tonale e contrasto cromatico.<br \/>Guardate l&#8217;immagine qui sotto. La versione colore \u00e8 piacevole, brillante e contrastata, ma se noi eliminiamo le informazioni colore diventa piatta o addirittura illeggibil perch\u00e9 abbiamo perso la parte di contrasto derivata dal colore. Questo problema di solito non \u00e8 risolvibile con una curva di contrasto.<\/p>\n<p>Molto meglio utilizzare i filtri colore per il bianconero. Questi schiariscono il colore del filtro stesso e scuriscono il complementare. Il filtro Giallo schiarisce il giallo e scurisce il blu. Con questa tecnica si possono ridefinire i rapporti tonali di un&#8217;immagine.<br \/>.Programmi molto popolari, ad iniziare da Photoshop offrono strumenti specifici per applicare i filtri alla conversione. A nostro giudizio sono astrusi e complicati.<\/p>\n<p>Partendo da questo presupposto abbiamo percorso una strada completamente nuova che, speriamo rivoluzioner\u00e0 questo settore.<\/p>\n<p><a href=\"https:\/\/www.knowhowtransfer.com\/apps-photoshop-extension-filter-plugin\/vitaminbw-single-triple-tone-bw-converter\/color-image-loosing-contrast-after-desaturation\/\" rel=\"attachment wp-att-1593\"><img decoding=\"async\" class=\"alignnone wp-image-1593 size-full\" src=\"https:\/\/d3qibwwkc7urrh.cloudfront.net\/wp-content\/uploads\/2014\/05\/28173849\/deesaturate_before_after.jpg\" alt=\"Color Image Loosing Contrast After Desaturation\" width=\"1080\" height=\"450\" srcset=\"https:\/\/d3qibwwkc7urrh.cloudfront.net\/wp-content\/uploads\/2014\/05\/28173849\/deesaturate_before_after.jpg 1080w, https:\/\/d3qibwwkc7urrh.cloudfront.net\/wp-content\/uploads\/2014\/05\/28173849\/deesaturate_before_after-980x450.jpg 980w, https:\/\/d3qibwwkc7urrh.cloudfront.net\/wp-content\/uploads\/2014\/05\/28173849\/deesaturate_before_after-480x270.jpg 480w\" sizes=\"(min-width: 0px) and (max-width: 480px) 480px, (min-width: 481px) and (max-width: 980px) 980px, (min-width: 981px) 1080px, 100vw\" \/><\/a><\/p>\n<p>Apri il box successivo per continuare.<\/p>\n<p>[\/et_pb_toggle][et_pb_toggle admin_label=&#8221;Un innovativo approccio alla conversione in bianco-nero&#8221; title=&#8221;Un innovativo approccio alla conversione in bianco-nero&#8221; open=&#8221;off&#8221;]<\/p>\n<p>Ecco l&#8217;interfaccia di VitaminBW, pulita e semplice &#8211; niente a che vedere a quella di altre applicazioni, pi\u00f9 simili al pannello di controllo di un Jumbo 747 e piene di opzioni per ottenere effetti artistici, grana, vignettatura etc. e che, in fin dei conti, disorientano l&#8217;utente. VitaminBW \u00e8 semplicemente uno strumento per ottenere una superlativa conversione in bianco e nero; in modo semplice e veloce.<br \/>Scegliete Single Tone per ottenere una singola versione tonale, oppure Triple Tone per essere immediatamente introdotti alle tecniche avanzate di conversione.<\/p>\n<p style=\"text-align: center;\"><a href=\"https:\/\/d3qibwwkc7urrh.cloudfront.net\/wp-content\/uploads\/2014\/05\/28174019\/vitamin_interface_only.png\"><img decoding=\"async\" class=\"alignnone size-full wp-image-797\" src=\"https:\/\/d3qibwwkc7urrh.cloudfront.net\/wp-content\/uploads\/2014\/05\/28174019\/vitamin_interface_only.png\" alt=\"vitamin_interface_only\" width=\"849\" height=\"554\" srcset=\"https:\/\/d3qibwwkc7urrh.cloudfront.net\/wp-content\/uploads\/2014\/05\/28174019\/vitamin_interface_only-849x551.png 849w, https:\/\/d3qibwwkc7urrh.cloudfront.net\/wp-content\/uploads\/2014\/05\/28174019\/vitamin_interface_only-480x270.png 480w\" sizes=\"(min-width: 0px) and (max-width: 480px) 480px, (min-width: 481px) and (max-width: 849px) 849px, 100vw\" \/><\/a><\/p>\n<p>Per iniziare focalizzatevi sui due pulsanti principali Single Tone e Triple Tone.<br \/>Potrete provare le funzioni di personalizzazione Conversion, Filter e Tint, che siamo certi apprezzerete molto,\u00a0 in un secondo momento.<br \/>Vi raccomandiamo di leggere il manuale utente in italiano con tutte le funzioni illustrate passo dopo passo ed una ricca sezione di training<\/p>\n<p>Ok. Scegliete un&#8217;immagine tipo, aprite Vitamin e premete &#8220;Single Tone&#8221; . Guardate come \u00e8 impostata la palette dei livelli: originale, livello bianconero base e livello VitaminBW, con una maschera bianca gi\u00e0 applicata. Ok, anche se il risultato dovesse piacervi moltissimo, gettate la cartella ed povate Triple Tone. Abbiate un&#8217;attimo di pazienza. La vostra attesa sar\u00e0 premiata.<\/p>\n<p>VitaminBW non genera un anteprima della vostra immagine. Potete per\u00f2 avere una simulazione dell&#8217;effetto che state applicando su due immagini test: la panoramica di un porto, o un ritratto femminile.<\/p>\n<p>[\/et_pb_toggle][et_pb_toggle admin_label=&#8221;Single Tone. Facile come bere un bicchier d&#8217;acqua&#8221; title=&#8221;Single Tone. Facile come bere un bicchier d&#8217;acqua&#8221; open=&#8221;off&#8221;]<\/p>\n<p>Iniziate premendo Single Tone.<br \/>VitaminBW generer\u00e0 una conversione con le impostazioni predefinite: contrasto standard, senza filtri colore applicati, senza intonazione colore. Come potrete vedere \u00e8 stato preservato il livello RGB originale e creato un gruppo contenente due livelli bianconero, il primo di base, il secondo &#8220;Vitaminizzato&#8221; con una maschera bianca applicata.<\/p>\n<p>A questo punto potete:<\/p>\n<ul>\n<li>unire i livelli se pienamente soddisfatti<\/li>\n<li>modificare l&#8217;opacit\u00e0 del livello Vitamin per ridurre il contrasto<\/li>\n<li>usando un pennello nero sfumato sulla maschera bianca, eliminare parte dell&#8217;immagine che non vi soddisfa o presenta aloni sgradevoli<\/li>\n<\/ul>\n<p>Opzioni aggiuntive: per personalizzare la conversione:<\/p>\n<ul>\n<li>aumentare il contrasto scegliendo Boost invece di Default. Ricordatevi che un eccesso di contrasto \u00e8 facilmente regolabile modificando l&#8217;opacit\u00e0<\/li>\n<li>usare i filtri colore per ottenere importanti variazioni tonali<\/li>\n<li>intonare l&#8217;immagine con i nostri preset Cool, Warm or Mixed<\/li>\n<\/ul>\n<p><a href=\"https:\/\/www.knowhowtransfer.com\/apps-photoshop\/vitamin-bw-converter\/correction-of-halos-painting-a-mask-using-a-flat-layer\/\" rel=\"attachment wp-att-1660\"><img decoding=\"async\" class=\"alignnone size-full wp-image-1660\" src=\"https:\/\/d3qibwwkc7urrh.cloudfront.net\/wp-content\/uploads\/2014\/06\/28173821\/vitaminbw_ba_flat_layer.jpg\" alt=\"VitaminBW | Correction of  halos painting a Mask using a flat layer\" width=\"1080\" height=\"469\" srcset=\"https:\/\/d3qibwwkc7urrh.cloudfront.net\/wp-content\/uploads\/2014\/06\/28173821\/vitaminbw_ba_flat_layer.jpg 1080w, https:\/\/d3qibwwkc7urrh.cloudfront.net\/wp-content\/uploads\/2014\/06\/28173821\/vitaminbw_ba_flat_layer-980x469.jpg 980w, https:\/\/d3qibwwkc7urrh.cloudfront.net\/wp-content\/uploads\/2014\/06\/28173821\/vitaminbw_ba_flat_layer-480x270.jpg 480w\" sizes=\"(min-width: 0px) and (max-width: 480px) 480px, (min-width: 481px) and (max-width: 980px) 980px, (min-width: 981px) 1080px, 100vw\" \/><\/a><\/p>\n<address style=\"padding-left: 30px;\">\n<hr \/>\n<p>Il risultato originale e corretto con la palette che visualizza la maschera ritoccata. Ovviamente \u00e8 possibile lasciare un leggero alone per dare un effetto pi\u00f9 tridimensionale. Il ritocco ha richiesto circa venti secondi ed \u00e8 stato possibile perch\u00e8 il livello flat sottostante ha un valore tonale molto simile.<\/p><\/address>\n<p>[\/et_pb_toggle][et_pb_toggle admin_label=&#8221;Triple Tone. Le tecniche avanzate di conversione a portata di mano&#8221; title=&#8221;Triple Tone. Le tecniche avanzate di conversione a portata di mano&#8221; open=&#8221;off&#8221;]<\/p>\n<p>Triple Tone, grazie al suo approccio esclusivo \u00e8\u00a0 il punto di forza di VitaminBW.<br \/>Permette agli utenti meno esperti di affacciarsi al mondo delle tecniche avanzate di conversione ma \u00e8 anche uno strumento irrinunciabile per i professionisti pi\u00f9 esperti.<\/p>\n<p>Triple Tone crea tre Gruppi (versioni), ciascuna con diversi livelli. Fa un lavoro molto complesso per cui richiede un attimo di pazienza.<br \/>In compenso vi permetter\u00e0 di confrontare tre versioni tonalmente molto diverse, ciascuna con le sue opzioni di personalizzazione. Il Guppo sottostante che \u00e8 anche quello visibile all&#8217;apertura \u00e8 lo stesso del Single Tone. Potete ora analizzare le altre due versioni, Blu e Arancio attivando i due gruppi soprastanti (Blue ed Orange) cliccando sul quadratino posto a fianco del gruppo.<br \/>Una volta scelte la\/le versioni migliori potete selezionare un pennello morbido per eliminare o aggiungere porzioni dell&#8217;immagine. Per ulteriori informazioni leggete la sezione avanzata del manuale.<\/p>\n<p>Naturalmente potete personalizzare le impostazioni di Triple Tone scegliendo una diversa conversione o intonazione. Triple Tone migliorer\u00e0 in modo clamoroso la qualit\u00e0 delle vostre conversioni bianconero. Guardate l&#8217;esempio qui sotto ottenuto con Triple Tone. La conversione predefinita era piuttosto buona, ma la pianta ed il fogliame si confondevano con l&#8217;azzurro del cielo. La versione Blu invece creava un contrasto eccezionalmente gradevole in queste zone critiche. Abbiamo spennellato con un pennello morbido nero alcune zone della maschera del gruppo Blue per rendere visibili il livello sottostante. La versione Arancio era meno interessante, per cui non \u00e8 stata presa in considerazione.<\/p>\n<p><img decoding=\"async\" class=\"alignleft size-full wp-image-8350\" src=\"https:\/\/d3qibwwkc7urrh.cloudfront.net\/wp-content\/uploads\/2014\/05\/28172821\/none_vs_blue_mask.jpg\" alt=\"none_vs_blue_mask\" width=\"1080\" height=\"586\" srcset=\"https:\/\/d3qibwwkc7urrh.cloudfront.net\/wp-content\/uploads\/2014\/05\/28172821\/none_vs_blue_mask.jpg 1080w, https:\/\/d3qibwwkc7urrh.cloudfront.net\/wp-content\/uploads\/2014\/05\/28172821\/none_vs_blue_mask-980x551.jpg 980w, https:\/\/d3qibwwkc7urrh.cloudfront.net\/wp-content\/uploads\/2014\/05\/28172821\/none_vs_blue_mask-480x270.jpg 480w\" sizes=\"(min-width: 0px) and (max-width: 480px) 480px, (min-width: 481px) and (max-width: 980px) 980px, (min-width: 981px) 1080px, 100vw\" \/><\/p>\n<p>[\/et_pb_toggle][et_pb_toggle admin_label=&#8221;Filtri Colore. Riallocazione dei valori tonali.&#8221; title=&#8221;Filtri Colore. Riallocazione dei valori tonali.&#8221; open=&#8221;off&#8221;]<\/p>\n<p>\u00a0Oltre alla versione predefinita No Filter, avete a disposizione cinque filtri colore: Giallo, Arancio, Rosso, Verde e Blu. Questi filtri servono a modificare il modo in cui i vari colori vengono riprodotti totalmente in bianconero. Ogni filtro schiarisce il suo colore e scurisce il colore complementare. Ecco pi\u00f9 specificamente la funzione di ogni filtro.<\/p>\n<ul>\n<li>Yellow: giallo, schiarisce il ed i colori caldi in genere, scurisce blu e colori freddi. Scurisce moderatamente il blu del cielo, aumentando in contrasto con le nuvole. Schiarisce leggermente i toni della pelle.<\/li>\n<li>arancio, simile al giallo, con effetti pi\u00f9 pronunciati, aumenta ulteriormente il contrasto tra cielo e nuvole. Schiarisce considerevolmente i toni pelle.<\/li>\n<li>rosso, crea contrasti drammatici, soprattutto nei cieli e nei paesaggi. Schiarisce in modo innaturale i toni della pelle. L&#8217;effetto in genere \u00e8 surreale, simile ad un filtro infrarosso. E&#8217; anche un potente filtro anti foschia. Filtro difficile, ma che pu\u00f2 dare soddisfazioni notevoli.<\/li>\n<li>Green: verde. Schiarisce il fogliame e scurisce le zone rosso\/magenta. In certi casi scurisce i cieli. Pu\u00f2 essere usato per migliorare i toni delle pelli molto chiare.<\/li>\n<li>Blue: blu, usato raramente nella fotografia bianconero tradizionale, \u00e8 il nostro filtro favorito. Spesso crea contrasto nelle zone totalmente pi\u00f9 difficili ed \u00e8 il motivo per cui l&#8217;abbiamo incluso nel Triple Tone. Si combina molto bene con la versione di base, con l&#8217;arancio che si utilizza per ammorbidire le zone troppo scure o eccessivamente contrastate.<\/li>\n<\/ul>\n<p><a href=\"https:\/\/www.knowhowtransfer.com\/apps-photoshop\/vitamin-bw-converter\/color_filters_comparison\/\" rel=\"attachment wp-att-1679\"><img decoding=\"async\" class=\"alignnone size-full wp-image-1679\" src=\"https:\/\/d3qibwwkc7urrh.cloudfront.net\/wp-content\/uploads\/2014\/05\/28173816\/Color_filters_comparison.jpg\" alt=\"Color_filters_comparison\" width=\"1080\" height=\"432\" srcset=\"https:\/\/d3qibwwkc7urrh.cloudfront.net\/wp-content\/uploads\/2014\/05\/28173816\/Color_filters_comparison.jpg 1080w, https:\/\/d3qibwwkc7urrh.cloudfront.net\/wp-content\/uploads\/2014\/05\/28173816\/Color_filters_comparison-980x432.jpg 980w, https:\/\/d3qibwwkc7urrh.cloudfront.net\/wp-content\/uploads\/2014\/05\/28173816\/Color_filters_comparison-480x270.jpg 480w\" sizes=\"(min-width: 0px) and (max-width: 480px) 480px, (min-width: 481px) and (max-width: 980px) 980px, (min-width: 981px) 1080px, 100vw\" \/><\/a><\/p>\n<h3>Comparazione di alcuni filtri<\/h3>\n<p>Ecco come lavorano i filtri colore. Questo originale, dal punto di vista cromatico era un po&#8217; confuso. La versione senza filtro \u00e8 buona. Quella rossa \u00e8 interessante ma un po&#8217; surreale. Quella Blu \u00e8 molto buona, ma la palma \u00e8 confusa. La versione verde \u00e8 probabilmente la migliore com&#8217;ottima gradazione dei toni rossi e del verde della palma. Inoltre, cosa poco visibile in questo caso, vista la dimensione dell&#8217;immagine ha creato un&#8217;eccellente modulazione tonale tra la ringhiera, l&#8217;acqua del lago ed il riflesso del lago. Un risultato ancora migliore si pu\u00f2 ottenere miscelando verde e blu..<\/p>\n<h3>Il rosso. Il cavallo pazzo della conversione tonale<\/h3>\n<p>Il meglio ed il peggio della conversione in bianco-nero. Guarda lo slide-show pi\u00f9 avanti per capire il perch\u00e8.<\/p>\n<p>[\/et_pb_toggle][et_pb_toggle admin_label=&#8221;Warm, Cool and Mixed Color Tint&#8221; title=&#8221;Intonazione colore fredda, calda o mixed&#8221; open=&#8221;off&#8221;]<\/p>\n<p>Di default VitaminBW converte a grigio neutro: cio\u00e8 il grigio medio \u00e8\u00a0 128,128,128 in valori RGB.<br \/>L&#8217;utente ha tre opzioni per modificare la tinta: Cool (fredda), Warm (calda), Mixed (un&#8217;esclusiva di VitaminBW con luci calde e ombre fredde).<br \/>La nostra intonazione maschera le alte luci per ottenere toni pi\u00f9 brillanti e colori pi\u00f9 interessanti.<br \/>Una volta selezionata una delle opzioni di tinta, VitaminBW crea un gruppo con tre livelli (invece dei soliti due), il livello base non &#8220;vitaminizzato&#8221;, quello VitaminBW neutro e quello Vitamin con intonazione colore con opacit\u00e0 50%.<\/p>\n<p>Neutral, Cool, Warm, Mixed. Come opzione predefinita sono al 50% di opacit\u00e0 per potere aumentare o diminuire i valori cromatici.<\/p>\n<p><img decoding=\"async\" class=\"alignleft size-full wp-image-8355\" src=\"https:\/\/d3qibwwkc7urrh.cloudfront.net\/wp-content\/uploads\/2014\/05\/28172817\/Tint_comparison_large.jpg\" alt=\"Tint_comparison_large\" width=\"1745\" height=\"985\" srcset=\"https:\/\/d3qibwwkc7urrh.cloudfront.net\/wp-content\/uploads\/2014\/05\/28172817\/Tint_comparison_large.jpg 1745w, https:\/\/d3qibwwkc7urrh.cloudfront.net\/wp-content\/uploads\/2014\/05\/28172817\/Tint_comparison_large-1280x720.jpg 1280w, https:\/\/d3qibwwkc7urrh.cloudfront.net\/wp-content\/uploads\/2014\/05\/28172817\/Tint_comparison_large-980x551.jpg 980w, https:\/\/d3qibwwkc7urrh.cloudfront.net\/wp-content\/uploads\/2014\/05\/28172817\/Tint_comparison_large-480x270.jpg 480w\" sizes=\"(min-width: 0px) and (max-width: 480px) 480px, (min-width: 481px) and (max-width: 980px) 980px, (min-width: 981px) and (max-width: 1280px) 1280px, (min-width: 1281px) 1745px, 100vw\" \/><\/p>\n<p>[\/et_pb_toggle][\/et_pb_column][\/et_pb_row][\/et_pb_section][et_pb_section inner_shadow=&#8221;off&#8221; parallax=&#8221;off&#8221; parallax_method=&#8221;css&#8221;][et_pb_row][et_pb_column type=&#8221;4_4&#8243;][et_pb_divider admin_label=&#8221;Divider 30&#8243; color=&#8221;#c6c6c6&#8243; show_divider=&#8221;off&#8221; height=&#8221;30&#8243;] [\/et_pb_divider][et_pb_text admin_label=&#8221;A new original approach&#8221; background_layout=&#8221;light&#8221; text_orientation=&#8221;left&#8221;]<\/p>\n<h2 style=\"text-align: left;\">Full Page Before\/After Comparison<\/h2>\n<hr \/>\n<p style=\"text-align: left;\">Click on the image to watch the images at full page and the captions<\/p>\n<p>&nbsp;<\/p>\n<p>[\/et_pb_text][et_pb_gallery admin_label=&#8221;VitaminBW Before-After Large&#8221; gallery_ids=&#8221;5519,5520,5521,5522,5523,5524,5525,5526,5527,5528,5529,5530,5531,5532,5533,5534,5535,5536,5537,5538,5539,5540,5541,5542,5543,5544,5545,5546&#8243; fullwidth=&#8221;on&#8221; posts_number=&#8221;28&#8243; show_title_and_caption=&#8221;on&#8221; show_pagination=&#8221;on&#8221; background_layout=&#8221;light&#8221;] [\/et_pb_gallery][et_pb_divider admin_label=&#8221;Divider 100&#8243; color=&#8221;#ffffff&#8221; show_divider=&#8221;off&#8221; height=&#8221;100&#8243; divider_style=&#8221;solid&#8221; divider_position=&#8221;top&#8221; hide_on_mobile=&#8221;on&#8221;] [\/et_pb_divider][et_pb_text admin_label=&#8221;Text&#8221;] [\/et_pb_text][\/et_pb_column][\/et_pb_row][\/et_pb_section]<\/p>\n","protected":false},"excerpt":{"rendered":"<p><div class=\"et_pb_row et_pb_row_0 et_pb_row_empty\">\n\t\t\t\t\n\t\t\t\t\n\t\t\t\t\n\t\t\t\t\n\t\t\t\t\n\t\t\t<\/div> Questo succede frequentemente perch\u00e9 l&#8217;originale colore deve la sua brillantezza all&#8217;effetto combinato di contrasto tonale e contrasto cromatico.Guardate l&#8217;immagine qui sotto. La versione colore \u00e8 piacevole, brillante e contrastata, ma se noi eliminiamo le informazioni colore diventa piatta o addirittura illeggibil perch\u00e9 abbiamo perso la parte di contrasto derivata dal colore. Questo problema di [&hellip;]<\/p>\n","protected":false},"author":1,"featured_media":0,"parent":5971,"menu_order":0,"comment_status":"open","ping_status":"open","template":"","meta":{"_et_pb_use_builder":"on","_et_pb_old_content":"","_et_gb_content_width":"","footnotes":""},"class_list":["post-6223","page","type-page","status-publish","hentry"],"_links":{"self":[{"href":"https:\/\/www.knowhowtransfer.com\/it\/wp-json\/wp\/v2\/pages\/6223","targetHints":{"allow":["GET"]}}],"collection":[{"href":"https:\/\/www.knowhowtransfer.com\/it\/wp-json\/wp\/v2\/pages"}],"about":[{"href":"https:\/\/www.knowhowtransfer.com\/it\/wp-json\/wp\/v2\/types\/page"}],"author":[{"embeddable":true,"href":"https:\/\/www.knowhowtransfer.com\/it\/wp-json\/wp\/v2\/users\/1"}],"replies":[{"embeddable":true,"href":"https:\/\/www.knowhowtransfer.com\/it\/wp-json\/wp\/v2\/comments?post=6223"}],"version-history":[{"count":0,"href":"https:\/\/www.knowhowtransfer.com\/it\/wp-json\/wp\/v2\/pages\/6223\/revisions"}],"up":[{"embeddable":true,"href":"https:\/\/www.knowhowtransfer.com\/it\/wp-json\/wp\/v2\/pages\/5971"}],"wp:attachment":[{"href":"https:\/\/www.knowhowtransfer.com\/it\/wp-json\/wp\/v2\/media?parent=6223"}],"curies":[{"name":"wp","href":"https:\/\/api.w.org\/{rel}","templated":true}]}}