{"id":32410,"date":"2018-02-26T18:11:42","date_gmt":"2018-06-18T09:23:53","guid":{"rendered":"https:\/\/www.knowhowtransfer.com\/store\/it\/?post_type=product&#038;p=32410"},"modified":"2020-08-09T08:31:12","modified_gmt":"2020-08-09T08:31:12","slug":"shape-licenza-singolo-utente","status":"publish","type":"product","link":"https:\/\/www.knowhowtransfer.com\/store\/it\/prodotti\/shape-licenza-singolo-utente\/","title":{"rendered":"Shape | Licenza Singolo Utente"},"content":{"rendered":"<p>[et_pb_section fb_built=&#8221;1&#8243; _builder_version=&#8221;4.5.3&#8243; custom_padding=&#8221;0px||||false|false&#8221; hover_enabled=&#8221;0&#8243; locked=&#8221;off&#8221; background_color=&#8221;transparent&#8221;][et_pb_row _builder_version=&#8221;3.25&#8243; background_size=&#8221;initial&#8221; background_position=&#8221;top_left&#8221; background_repeat=&#8221;repeat&#8221; width=&#8221;100%&#8221; custom_padding=&#8221;0px||0px||false|false&#8221;][et_pb_column type=&#8221;4_4&#8243; _builder_version=&#8221;3.25&#8243; custom_padding=&#8221;|||&#8221; custom_padding__hover=&#8221;|||&#8221;][et_pb_wc_breadcrumb _builder_version=&#8221;3.0.47&#8243;][\/et_pb_wc_breadcrumb][et_pb_wc_cart_notice _builder_version=&#8221;3.0.47&#8243;][\/et_pb_wc_cart_notice][\/et_pb_column][\/et_pb_row][et_pb_row column_structure=&#8221;1_2,1_2&#8243; _builder_version=&#8221;3.25&#8243; background_size=&#8221;initial&#8221; background_position=&#8221;top_left&#8221; background_repeat=&#8221;repeat&#8221; width=&#8221;100%&#8221; custom_padding=&#8221;0px||||false|false&#8221;][et_pb_column type=&#8221;1_2&#8243; _builder_version=&#8221;3.25&#8243; custom_padding=&#8221;|||&#8221; custom_padding__hover=&#8221;|||&#8221;][et_pb_wc_images _builder_version=&#8221;3.0.47&#8243;][\/et_pb_wc_images][\/et_pb_column][et_pb_column type=&#8221;1_2&#8243; _builder_version=&#8221;3.25&#8243; custom_padding=&#8221;|||&#8221; custom_padding__hover=&#8221;|||&#8221;][et_pb_wc_title _builder_version=&#8221;3.0.47&#8243;][\/et_pb_wc_title][et_pb_wc_price _builder_version=&#8221;3.0.47&#8243;][\/et_pb_wc_price][et_pb_wc_description _builder_version=&#8221;3.0.47&#8243;][\/et_pb_wc_description][et_pb_wc_add_to_cart _builder_version=&#8221;3.0.47&#8243;][\/et_pb_wc_add_to_cart][et_pb_wc_meta _builder_version=&#8221;3.0.47&#8243;][\/et_pb_wc_meta][\/et_pb_column][\/et_pb_row][et_pb_row _builder_version=&#8221;3.25&#8243; background_size=&#8221;initial&#8221; background_position=&#8221;top_left&#8221; background_repeat=&#8221;repeat&#8221; width=&#8221;100%&#8221;][et_pb_column type=&#8221;4_4&#8243; _builder_version=&#8221;3.25&#8243; custom_padding=&#8221;|||&#8221; custom_padding__hover=&#8221;|||&#8221;][et_pb_wc_tabs _builder_version=&#8221;3.0.47&#8243;]\t\t\t\t\t[\/et_pb_wc_tabs][et_pb_wc_upsells _builder_version=&#8221;3.0.47&#8243;][\/et_pb_wc_upsells][et_pb_wc_related_products _builder_version=&#8221;3.0.47&#8243;][\/et_pb_wc_related_products][\/et_pb_column][\/et_pb_row][\/et_pb_section]<\/p>\n","protected":false},"excerpt":{"rendered":"<p>\u20ac39.04 IVA inclusa &#8211; Svizzera \u20ac32<\/p>\n<p>Licenza singolo utente due postazioni (MAC\/WIN)<br \/>\nCompatibilit\u00e0: Photoshop CC e successivi, CC 2020 incluso<br \/>\nMac: OS Lion e successivi, Catalina incluso<br \/>\nWIN: WIN 7 e successivi, WIN 10 incluso<br \/>\nVersione corrente 1.1.0<\/p>\n<p>Acquisti multilicenza con sconti progressivi.<\/p>\n","protected":false},"featured_media":32185,"comment_status":"open","ping_status":"closed","template":"","meta":{"_et_pb_use_builder":"on","_et_pb_old_content":"<h2><span style=\"color: #c20c1e\">Shape<\/span>\u00a0Gestione del contrasto Globale\/Locale | Licenza Singolo Utente<\/h2>\r\n<hr \/>\r\n<p>Shape \u00e8 un potente plugin per Photoshop CC progettato per gestire contrasto, nitidezza e colore in un singolo passaggio. L\u2019effetto viene applicato maggiormente nei mezzitoni grazie ad uno strumento di protezione di luci ed ombre che lavora internamente a 32bit, regolabile anche manualmente.<br \/>\r\nUnico nel suo genere, Shape permette di gestire non solo la quantit\u00e0, ma anche il tipo di contrasto, che di default \u00e8 un mix di contrasto globale (prevalente) e locale. Si possono personalizzare anche la maschera di contrasto, la modalit\u00e0 colore e la saturazione.<\/p>\r\n<p><a href=\"https:\/\/www.knowhowtransfer.com\/it\/apps-estensioni-filtri-plugin-photoshop-cs\/shape\/\">Vai alla pagina di Shape &gt;<\/a><\/p>","_et_gb_content_width":""},"product_brand":[],"product_cat":[568],"product_tag":[],"class_list":{"0":"post-32410","1":"product","2":"type-product","3":"status-publish","4":"has-post-thumbnail","6":"product_cat-non-categorizzato","8":"first","9":"instock","10":"featured","11":"downloadable","12":"virtual","13":"taxable","14":"purchasable","15":"product-type-simple"},"_links":{"self":[{"href":"https:\/\/www.knowhowtransfer.com\/store\/it\/wp-json\/wp\/v2\/product\/32410","targetHints":{"allow":["GET"]}}],"collection":[{"href":"https:\/\/www.knowhowtransfer.com\/store\/it\/wp-json\/wp\/v2\/product"}],"about":[{"href":"https:\/\/www.knowhowtransfer.com\/store\/it\/wp-json\/wp\/v2\/types\/product"}],"replies":[{"embeddable":true,"href":"https:\/\/www.knowhowtransfer.com\/store\/it\/wp-json\/wp\/v2\/comments?post=32410"}],"wp:featuredmedia":[{"embeddable":true,"href":"https:\/\/www.knowhowtransfer.com\/store\/it\/wp-json\/wp\/v2\/media\/32185"}],"wp:attachment":[{"href":"https:\/\/www.knowhowtransfer.com\/store\/it\/wp-json\/wp\/v2\/media?parent=32410"}],"wp:term":[{"taxonomy":"product_brand","embeddable":true,"href":"https:\/\/www.knowhowtransfer.com\/store\/it\/wp-json\/wp\/v2\/product_brand?post=32410"},{"taxonomy":"product_cat","embeddable":true,"href":"https:\/\/www.knowhowtransfer.com\/store\/it\/wp-json\/wp\/v2\/product_cat?post=32410"},{"taxonomy":"product_tag","embeddable":true,"href":"https:\/\/www.knowhowtransfer.com\/store\/it\/wp-json\/wp\/v2\/product_tag?post=32410"}],"curies":[{"name":"wp","href":"https:\/\/api.w.org\/{rel}","templated":true}]}}